{"id":2832,"date":"2019-05-15T20:56:57","date_gmt":"2019-05-15T23:56:57","guid":{"rendered":"http:\/\/www.delexodo.com.ar\/?page_id=2832"},"modified":"2025-12-12T17:06:33","modified_gmt":"2025-12-12T20:06:33","slug":"programacion","status":"publish","type":"page","link":"https:\/\/www.delexodo.com.ar\/?page_id=2832","title":{"rendered":"PROGRAMACI\u00d3N 2025"},"content":{"rendered":"\n<p><strong>LUNES A VIERNES<br>07 a 08 Hs. &#8211; CAMPO TOTAL RADIO<br><\/strong>Damian Hinding y un grupo de profesionales con toda la informaci\u00f3n del sector agropecuario.<br><strong>08 a 13 Hs. &#8211; LA MA\u00d1ANA X VOS<br><\/strong>Ines y Gustavo en el magazine informativo de la ma\u00f1ana.\u00a0 \u00a0 \u00a0 \u00a0 \u00a0 \u00a0 \u00a0 \u00a0 \u00a0 \u00a0 \u00a0 \u00a0 \u00a0 \u00a0 \u00a0 \u00a0<br><strong>13 Hs. &#8211; ACCI\u00d3N RURAL<br><\/strong>Julio Sartori con toda la informaci\u00f3n de los mercados del agro.<br><strong>13.15 Hs. &#8211; RETRO HITS<br><\/strong>Los cl\u00e1sicos de siempre te acompa\u00f1an en el mediod\u00eda de radio.<br><strong>16.30 Hs. &#8211;\u00a0 ADONDE NOS VAMOS<br><\/strong>Leo P\u00e9rez Oggero en un viaje virtual diario por distintos destinos.<br><strong>17 Hs. &#8211; ZONA DE INFLUENCIA<br><\/strong>Un cl\u00e1sico de la radiofon\u00eda local junto a Lilian Brenda Viola y el programa terap\u00e9utico de la radiofon\u00eda local.<br><strong>21 Hs. &#8211; HACIENDO BUYA<br><\/strong>Un Batido Musical de la mano de Anal\u00eda Ben\u00edtez y Juan Pablo Ben\u00edtez Bosc<\/p>\n\n\n\n<p><strong>MI\u00c9RCOLES<\/strong><br><strong>19 Hs. &#8211; ACCI\u00d3N INDUSTRIAL<br><\/strong>Julio Sartori con historias y entrevistas de emprendedurismo entrerriano.<\/p>\n\n\n\n<p><strong>S\u00c1BADOS<\/strong><br><strong>07.30 a 12.30 Hs. &#8211; FOLCLORE Y ALGO MAS<br><\/strong>Hugo Dure y su programa de raigambre cultural y musical que busca compartir con sus oyentes un sentido y particular momento de compa\u00f1\u00eda semanal.<br><strong>15 a 17 Hs. &#8211; PUESTA A PUNTO<br><\/strong>Gran equipo para la Red Federal de Automovilismo con transmisi\u00f3n en vivo.<br><strong>17 a 19 Hs. &#8211; SIN ESTRIDENCIAS<br><\/strong>Yamil Dur\u00e9 en la compa\u00f1\u00eda de s\u00e1bados con palabras y buena m\u00fasica.<\/p>\n\n\n\n<p><strong>DOMINGOS<\/strong><br><strong>07 a 09 Hs. &#8211; SECTOR AGROPECUARIO<br><\/strong>Quique Oss y un gran equipo en las primera ma\u00f1ana del domingo con info y m\u00fasica.<br><strong>10 a 14.30 Hs. &#8211; PUESTA A PUNTO<br><\/strong>Un gran equipo para la Red Federal de Automovilismo con transmisi\u00f3n en VIVO.<\/p>\n\n\n\n<figure class=\"wp-block-gallery has-nested-images columns-default is-cropped wp-block-gallery-1 is-layout-flex wp-block-gallery-is-layout-flex\">\n<figure class=\"wp-block-image size-large\"><img loading=\"lazy\" decoding=\"async\" width=\"576\" height=\"1024\" data-id=\"11102\" src=\"https:\/\/www.delexodo.com.ar\/wp-content\/uploads\/2024\/10\/CAMPO-TOTAL-576x1024.jpeg\" alt=\"\" class=\"wp-image-11102\" srcset=\"https:\/\/www.delexodo.com.ar\/wp-content\/uploads\/2024\/10\/CAMPO-TOTAL-576x1024.jpeg 576w, https:\/\/www.delexodo.com.ar\/wp-content\/uploads\/2024\/10\/CAMPO-TOTAL-169x300.jpeg 169w, https:\/\/www.delexodo.com.ar\/wp-content\/uploads\/2024\/10\/CAMPO-TOTAL-768x1366.jpeg 768w, https:\/\/www.delexodo.com.ar\/wp-content\/uploads\/2024\/10\/CAMPO-TOTAL-864x1536.jpeg 864w, https:\/\/www.delexodo.com.ar\/wp-content\/uploads\/2024\/10\/CAMPO-TOTAL.jpeg 899w\" sizes=\"auto, (max-width: 576px) 100vw, 576px\" \/><\/figure>\n\n\n\n<figure class=\"wp-block-image size-large\"><img loading=\"lazy\" decoding=\"async\" width=\"576\" height=\"1024\" data-id=\"11107\" src=\"https:\/\/www.delexodo.com.ar\/wp-content\/uploads\/2024\/10\/RETRO-HITS-1-576x1024.jpeg\" alt=\"\" class=\"wp-image-11107\" srcset=\"https:\/\/www.delexodo.com.ar\/wp-content\/uploads\/2024\/10\/RETRO-HITS-1-576x1024.jpeg 576w, https:\/\/www.delexodo.com.ar\/wp-content\/uploads\/2024\/10\/RETRO-HITS-1-169x300.jpeg 169w, https:\/\/www.delexodo.com.ar\/wp-content\/uploads\/2024\/10\/RETRO-HITS-1-768x1366.jpeg 768w, https:\/\/www.delexodo.com.ar\/wp-content\/uploads\/2024\/10\/RETRO-HITS-1-864x1536.jpeg 864w, https:\/\/www.delexodo.com.ar\/wp-content\/uploads\/2024\/10\/RETRO-HITS-1.jpeg 899w\" sizes=\"auto, (max-width: 576px) 100vw, 576px\" \/><\/figure>\n\n\n\n<figure class=\"wp-block-image size-large\"><img loading=\"lazy\" decoding=\"async\" width=\"576\" height=\"1024\" data-id=\"11104\" src=\"https:\/\/www.delexodo.com.ar\/wp-content\/uploads\/2024\/10\/MANANA-X-VOS-576x1024.jpeg\" alt=\"\" class=\"wp-image-11104\" srcset=\"https:\/\/www.delexodo.com.ar\/wp-content\/uploads\/2024\/10\/MANANA-X-VOS-576x1024.jpeg 576w, https:\/\/www.delexodo.com.ar\/wp-content\/uploads\/2024\/10\/MANANA-X-VOS-169x300.jpeg 169w, https:\/\/www.delexodo.com.ar\/wp-content\/uploads\/2024\/10\/MANANA-X-VOS-768x1366.jpeg 768w, https:\/\/www.delexodo.com.ar\/wp-content\/uploads\/2024\/10\/MANANA-X-VOS-864x1536.jpeg 864w, https:\/\/www.delexodo.com.ar\/wp-content\/uploads\/2024\/10\/MANANA-X-VOS.jpeg 899w\" sizes=\"auto, (max-width: 576px) 100vw, 576px\" \/><\/figure>\n<\/figure>\n\n\n\n<figure class=\"wp-block-gallery has-nested-images columns-default is-cropped wp-block-gallery-2 is-layout-flex wp-block-gallery-is-layout-flex\">\n<figure class=\"wp-block-image size-large\"><img loading=\"lazy\" decoding=\"async\" width=\"576\" height=\"1024\" data-id=\"11103\" src=\"https:\/\/www.delexodo.com.ar\/wp-content\/uploads\/2024\/10\/ADONDE-NOS-VAMOS-576x1024.jpeg\" alt=\"\" class=\"wp-image-11103\" srcset=\"https:\/\/www.delexodo.com.ar\/wp-content\/uploads\/2024\/10\/ADONDE-NOS-VAMOS-576x1024.jpeg 576w, https:\/\/www.delexodo.com.ar\/wp-content\/uploads\/2024\/10\/ADONDE-NOS-VAMOS-169x300.jpeg 169w, https:\/\/www.delexodo.com.ar\/wp-content\/uploads\/2024\/10\/ADONDE-NOS-VAMOS-768x1366.jpeg 768w, https:\/\/www.delexodo.com.ar\/wp-content\/uploads\/2024\/10\/ADONDE-NOS-VAMOS-864x1536.jpeg 864w, https:\/\/www.delexodo.com.ar\/wp-content\/uploads\/2024\/10\/ADONDE-NOS-VAMOS.jpeg 899w\" sizes=\"auto, (max-width: 576px) 100vw, 576px\" \/><\/figure>\n\n\n\n<figure class=\"wp-block-image size-large\"><img loading=\"lazy\" decoding=\"async\" width=\"576\" height=\"1024\" data-id=\"11112\" src=\"https:\/\/www.delexodo.com.ar\/wp-content\/uploads\/2024\/10\/ACCION-INDUSTRIAL-576x1024.jpeg\" alt=\"\" class=\"wp-image-11112\" srcset=\"https:\/\/www.delexodo.com.ar\/wp-content\/uploads\/2024\/10\/ACCION-INDUSTRIAL-576x1024.jpeg 576w, https:\/\/www.delexodo.com.ar\/wp-content\/uploads\/2024\/10\/ACCION-INDUSTRIAL-169x300.jpeg 169w, https:\/\/www.delexodo.com.ar\/wp-content\/uploads\/2024\/10\/ACCION-INDUSTRIAL-768x1366.jpeg 768w, https:\/\/www.delexodo.com.ar\/wp-content\/uploads\/2024\/10\/ACCION-INDUSTRIAL-864x1536.jpeg 864w, https:\/\/www.delexodo.com.ar\/wp-content\/uploads\/2024\/10\/ACCION-INDUSTRIAL.jpeg 899w\" sizes=\"auto, (max-width: 576px) 100vw, 576px\" \/><\/figure>\n\n\n\n<figure class=\"wp-block-image size-large\"><img loading=\"lazy\" decoding=\"async\" width=\"576\" height=\"1024\" data-id=\"11111\" src=\"https:\/\/www.delexodo.com.ar\/wp-content\/uploads\/2024\/10\/ETERNOS-HITS-576x1024.jpeg\" alt=\"\" class=\"wp-image-11111\" srcset=\"https:\/\/www.delexodo.com.ar\/wp-content\/uploads\/2024\/10\/ETERNOS-HITS-576x1024.jpeg 576w, https:\/\/www.delexodo.com.ar\/wp-content\/uploads\/2024\/10\/ETERNOS-HITS-169x300.jpeg 169w, https:\/\/www.delexodo.com.ar\/wp-content\/uploads\/2024\/10\/ETERNOS-HITS-768x1366.jpeg 768w, https:\/\/www.delexodo.com.ar\/wp-content\/uploads\/2024\/10\/ETERNOS-HITS-864x1536.jpeg 864w, https:\/\/www.delexodo.com.ar\/wp-content\/uploads\/2024\/10\/ETERNOS-HITS.jpeg 899w\" sizes=\"auto, (max-width: 576px) 100vw, 576px\" \/><\/figure>\n<\/figure>\n\n\n\n<figure class=\"wp-block-gallery has-nested-images columns-default is-cropped wp-block-gallery-3 is-layout-flex wp-block-gallery-is-layout-flex\">\n<figure class=\"wp-block-image size-full\"><img loading=\"lazy\" decoding=\"async\" width=\"340\" height=\"604\" data-id=\"12205\" src=\"https:\/\/www.delexodo.com.ar\/wp-content\/uploads\/2025\/12\/HACIENDO-BUYA.jpg\" alt=\"\" class=\"wp-image-12205\" srcset=\"https:\/\/www.delexodo.com.ar\/wp-content\/uploads\/2025\/12\/HACIENDO-BUYA.jpg 340w, https:\/\/www.delexodo.com.ar\/wp-content\/uploads\/2025\/12\/HACIENDO-BUYA-169x300.jpg 169w\" sizes=\"auto, (max-width: 340px) 100vw, 340px\" \/><\/figure>\n\n\n\n<figure class=\"wp-block-image size-large\"><img loading=\"lazy\" decoding=\"async\" width=\"576\" height=\"1024\" data-id=\"11115\" src=\"https:\/\/www.delexodo.com.ar\/wp-content\/uploads\/2024\/10\/FOLCLORE-Y-ALGO-MAS-576x1024.jpeg\" alt=\"\" class=\"wp-image-11115\" srcset=\"https:\/\/www.delexodo.com.ar\/wp-content\/uploads\/2024\/10\/FOLCLORE-Y-ALGO-MAS-576x1024.jpeg 576w, https:\/\/www.delexodo.com.ar\/wp-content\/uploads\/2024\/10\/FOLCLORE-Y-ALGO-MAS-169x300.jpeg 169w, https:\/\/www.delexodo.com.ar\/wp-content\/uploads\/2024\/10\/FOLCLORE-Y-ALGO-MAS-768x1366.jpeg 768w, https:\/\/www.delexodo.com.ar\/wp-content\/uploads\/2024\/10\/FOLCLORE-Y-ALGO-MAS-864x1536.jpeg 864w, https:\/\/www.delexodo.com.ar\/wp-content\/uploads\/2024\/10\/FOLCLORE-Y-ALGO-MAS.jpeg 899w\" sizes=\"auto, (max-width: 576px) 100vw, 576px\" \/><\/figure>\n\n\n\n<figure class=\"wp-block-image size-full\"><img loading=\"lazy\" decoding=\"async\" width=\"340\" height=\"604\" data-id=\"12207\" src=\"https:\/\/www.delexodo.com.ar\/wp-content\/uploads\/2025\/12\/ZONA-INFLUENCIA.jpg\" alt=\"\" class=\"wp-image-12207\" srcset=\"https:\/\/www.delexodo.com.ar\/wp-content\/uploads\/2025\/12\/ZONA-INFLUENCIA.jpg 340w, https:\/\/www.delexodo.com.ar\/wp-content\/uploads\/2025\/12\/ZONA-INFLUENCIA-169x300.jpg 169w\" sizes=\"auto, (max-width: 340px) 100vw, 340px\" \/><\/figure>\n<\/figure>\n\n\n\n<figure class=\"wp-block-gallery has-nested-images columns-default is-cropped wp-block-gallery-4 is-layout-flex wp-block-gallery-is-layout-flex\">\n<figure class=\"wp-block-image size-large\"><img loading=\"lazy\" decoding=\"async\" width=\"576\" height=\"1024\" data-id=\"12208\" src=\"https:\/\/www.delexodo.com.ar\/wp-content\/uploads\/2025\/12\/SIN-ESTRIDENCIAS-576x1024.jpeg\" alt=\"\" class=\"wp-image-12208\" srcset=\"https:\/\/www.delexodo.com.ar\/wp-content\/uploads\/2025\/12\/SIN-ESTRIDENCIAS-576x1024.jpeg 576w, https:\/\/www.delexodo.com.ar\/wp-content\/uploads\/2025\/12\/SIN-ESTRIDENCIAS-169x300.jpeg 169w, https:\/\/www.delexodo.com.ar\/wp-content\/uploads\/2025\/12\/SIN-ESTRIDENCIAS-768x1366.jpeg 768w, https:\/\/www.delexodo.com.ar\/wp-content\/uploads\/2025\/12\/SIN-ESTRIDENCIAS-864x1536.jpeg 864w, https:\/\/www.delexodo.com.ar\/wp-content\/uploads\/2025\/12\/SIN-ESTRIDENCIAS.jpeg 899w\" sizes=\"auto, (max-width: 576px) 100vw, 576px\" \/><\/figure>\n\n\n\n<figure class=\"wp-block-image size-large\"><img loading=\"lazy\" decoding=\"async\" width=\"576\" height=\"1024\" data-id=\"12209\" src=\"https:\/\/www.delexodo.com.ar\/wp-content\/uploads\/2025\/12\/PUESTA-A-PUNTO-576x1024.jpeg\" alt=\"\" class=\"wp-image-12209\" srcset=\"https:\/\/www.delexodo.com.ar\/wp-content\/uploads\/2025\/12\/PUESTA-A-PUNTO-576x1024.jpeg 576w, https:\/\/www.delexodo.com.ar\/wp-content\/uploads\/2025\/12\/PUESTA-A-PUNTO-169x300.jpeg 169w, https:\/\/www.delexodo.com.ar\/wp-content\/uploads\/2025\/12\/PUESTA-A-PUNTO-768x1366.jpeg 768w, https:\/\/www.delexodo.com.ar\/wp-content\/uploads\/2025\/12\/PUESTA-A-PUNTO-864x1536.jpeg 864w, https:\/\/www.delexodo.com.ar\/wp-content\/uploads\/2025\/12\/PUESTA-A-PUNTO.jpeg 899w\" sizes=\"auto, (max-width: 576px) 100vw, 576px\" \/><\/figure>\n\n\n\n<figure class=\"wp-block-image size-large\"><img loading=\"lazy\" decoding=\"async\" width=\"576\" height=\"1024\" data-id=\"12210\" src=\"https:\/\/www.delexodo.com.ar\/wp-content\/uploads\/2025\/12\/SECTOR-AGROPECUARIO-576x1024.jpeg\" alt=\"\" class=\"wp-image-12210\" srcset=\"https:\/\/www.delexodo.com.ar\/wp-content\/uploads\/2025\/12\/SECTOR-AGROPECUARIO-576x1024.jpeg 576w, https:\/\/www.delexodo.com.ar\/wp-content\/uploads\/2025\/12\/SECTOR-AGROPECUARIO-169x300.jpeg 169w, https:\/\/www.delexodo.com.ar\/wp-content\/uploads\/2025\/12\/SECTOR-AGROPECUARIO-768x1366.jpeg 768w, https:\/\/www.delexodo.com.ar\/wp-content\/uploads\/2025\/12\/SECTOR-AGROPECUARIO-864x1536.jpeg 864w, https:\/\/www.delexodo.com.ar\/wp-content\/uploads\/2025\/12\/SECTOR-AGROPECUARIO.jpeg 899w\" sizes=\"auto, (max-width: 576px) 100vw, 576px\" \/><\/figure>\n<\/figure>\n\n\n<div class=\"wp-block-image\">\n<figure class=\"aligncenter size-large is-resized\"><img loading=\"lazy\" decoding=\"async\" width=\"961\" height=\"722\" src=\"https:\/\/www.delexodo.com.ar\/wp-content\/uploads\/2024\/02\/IMAGEN-REDES.jpg\" alt=\"\" class=\"wp-image-10173\" style=\"width:441px;height:auto\" srcset=\"https:\/\/www.delexodo.com.ar\/wp-content\/uploads\/2024\/02\/IMAGEN-REDES.jpg 961w, https:\/\/www.delexodo.com.ar\/wp-content\/uploads\/2024\/02\/IMAGEN-REDES-300x225.jpg 300w, https:\/\/www.delexodo.com.ar\/wp-content\/uploads\/2024\/02\/IMAGEN-REDES-768x577.jpg 768w\" sizes=\"auto, (max-width: 961px) 100vw, 961px\" \/><\/figure><\/div>\n\n\n<p><\/p>\n","protected":false},"excerpt":{"rendered":"<p>LUNES A VIERNES07 a 08 Hs. &#8211; CAMPO TOTAL RADIODamian Hinding y un grupo de profesionales con toda la informaci\u00f3n&hellip;<\/p>\n","protected":false},"author":1,"featured_media":0,"parent":0,"menu_order":3,"comment_status":"closed","ping_status":"closed","template":"","meta":{"_joinchat":[],"footnotes":""},"class_list":["post-2832","page","type-page","status-publish","hentry"],"yoast_head":"<!-- This site is optimized with the Yoast SEO plugin v25.1 - https:\/\/yoast.com\/wordpress\/plugins\/seo\/ -->\n<title>PROGRAMACI\u00d3N 2025 - Del \u00c9xodo Nogoy\u00e1<\/title>\n<meta name=\"robots\" content=\"index, follow, max-snippet:-1, max-image-preview:large, max-video-preview:-1\" \/>\n<link rel=\"canonical\" href=\"https:\/\/www.delexodo.com.ar\/?page_id=2832\" \/>\n<meta property=\"og:locale\" content=\"es_ES\" \/>\n<meta property=\"og:type\" content=\"article\" \/>\n<meta property=\"og:title\" content=\"PROGRAMACI\u00d3N 2025 - Del \u00c9xodo Nogoy\u00e1\" \/>\n<meta property=\"og:description\" content=\"LUNES A VIERNES07 a 08 Hs. &#8211; CAMPO TOTAL RADIODamian Hinding y un grupo de profesionales con toda la informaci\u00f3n&hellip;\" \/>\n<meta property=\"og:url\" content=\"https:\/\/www.delexodo.com.ar\/?page_id=2832\" \/>\n<meta property=\"og:site_name\" content=\"Del \u00c9xodo Nogoy\u00e1\" \/>\n<meta property=\"article:modified_time\" content=\"2025-12-12T20:06:33+00:00\" \/>\n<meta property=\"og:image\" content=\"https:\/\/www.delexodo.com.ar\/wp-content\/uploads\/2024\/10\/CAMPO-TOTAL.jpeg\" \/>\n\t<meta property=\"og:image:width\" content=\"899\" \/>\n\t<meta property=\"og:image:height\" content=\"1599\" \/>\n\t<meta property=\"og:image:type\" content=\"image\/jpeg\" \/>\n<meta name=\"twitter:card\" content=\"summary_large_image\" \/>\n<meta name=\"twitter:label1\" content=\"Tiempo de lectura\" \/>\n\t<meta name=\"twitter:data1\" content=\"4 minutos\" \/>\n<script type=\"application\/ld+json\" class=\"yoast-schema-graph\">{\"@context\":\"https:\/\/schema.org\",\"@graph\":[{\"@type\":\"WebPage\",\"@id\":\"https:\/\/www.delexodo.com.ar\/?page_id=2832\",\"url\":\"https:\/\/www.delexodo.com.ar\/?page_id=2832\",\"name\":\"PROGRAMACI\u00d3N 2025 - Del \u00c9xodo Nogoy\u00e1\",\"isPartOf\":{\"@id\":\"https:\/\/www.delexodo.com.ar\/#website\"},\"primaryImageOfPage\":{\"@id\":\"https:\/\/www.delexodo.com.ar\/?page_id=2832#primaryimage\"},\"image\":{\"@id\":\"https:\/\/www.delexodo.com.ar\/?page_id=2832#primaryimage\"},\"thumbnailUrl\":\"https:\/\/www.delexodo.com.ar\/wp-content\/uploads\/2024\/10\/CAMPO-TOTAL-576x1024.jpeg\",\"datePublished\":\"2019-05-15T23:56:57+00:00\",\"dateModified\":\"2025-12-12T20:06:33+00:00\",\"breadcrumb\":{\"@id\":\"https:\/\/www.delexodo.com.ar\/?page_id=2832#breadcrumb\"},\"inLanguage\":\"es\",\"potentialAction\":[{\"@type\":\"ReadAction\",\"target\":[\"https:\/\/www.delexodo.com.ar\/?page_id=2832\"]}]},{\"@type\":\"ImageObject\",\"inLanguage\":\"es\",\"@id\":\"https:\/\/www.delexodo.com.ar\/?page_id=2832#primaryimage\",\"url\":\"https:\/\/www.delexodo.com.ar\/wp-content\/uploads\/2024\/10\/CAMPO-TOTAL.jpeg\",\"contentUrl\":\"https:\/\/www.delexodo.com.ar\/wp-content\/uploads\/2024\/10\/CAMPO-TOTAL.jpeg\",\"width\":899,\"height\":1599},{\"@type\":\"BreadcrumbList\",\"@id\":\"https:\/\/www.delexodo.com.ar\/?page_id=2832#breadcrumb\",\"itemListElement\":[{\"@type\":\"ListItem\",\"position\":1,\"name\":\"Portada\",\"item\":\"https:\/\/www.delexodo.com.ar\/\"},{\"@type\":\"ListItem\",\"position\":2,\"name\":\"PROGRAMACI\u00d3N 2025\"}]},{\"@type\":\"WebSite\",\"@id\":\"https:\/\/www.delexodo.com.ar\/#website\",\"url\":\"https:\/\/www.delexodo.com.ar\/\",\"name\":\"Del \u00c9xodo Nogoy\u00e1\",\"description\":\"El Portal de Noticias de la Regi\u00f3n\",\"publisher\":{\"@id\":\"https:\/\/www.delexodo.com.ar\/#organization\"},\"potentialAction\":[{\"@type\":\"SearchAction\",\"target\":{\"@type\":\"EntryPoint\",\"urlTemplate\":\"https:\/\/www.delexodo.com.ar\/?s={search_term_string}\"},\"query-input\":{\"@type\":\"PropertyValueSpecification\",\"valueRequired\":true,\"valueName\":\"search_term_string\"}}],\"inLanguage\":\"es\"},{\"@type\":\"Organization\",\"@id\":\"https:\/\/www.delexodo.com.ar\/#organization\",\"name\":\"Del \u00c9xodo Nogoy\u00e1\",\"url\":\"https:\/\/www.delexodo.com.ar\/\",\"logo\":{\"@type\":\"ImageObject\",\"inLanguage\":\"es\",\"@id\":\"https:\/\/www.delexodo.com.ar\/#\/schema\/logo\/image\/\",\"url\":\"https:\/\/www.delexodo.com.ar\/wp-content\/uploads\/2024\/10\/cropped-cropped-LOGO24.png\",\"contentUrl\":\"https:\/\/www.delexodo.com.ar\/wp-content\/uploads\/2024\/10\/cropped-cropped-LOGO24.png\",\"width\":512,\"height\":349,\"caption\":\"Del \u00c9xodo Nogoy\u00e1\"},\"image\":{\"@id\":\"https:\/\/www.delexodo.com.ar\/#\/schema\/logo\/image\/\"}}]}<\/script>\n<!-- \/ Yoast SEO plugin. -->","yoast_head_json":{"title":"PROGRAMACI\u00d3N 2025 - Del \u00c9xodo Nogoy\u00e1","robots":{"index":"index","follow":"follow","max-snippet":"max-snippet:-1","max-image-preview":"max-image-preview:large","max-video-preview":"max-video-preview:-1"},"canonical":"https:\/\/www.delexodo.com.ar\/?page_id=2832","og_locale":"es_ES","og_type":"article","og_title":"PROGRAMACI\u00d3N 2025 - Del \u00c9xodo Nogoy\u00e1","og_description":"LUNES A VIERNES07 a 08 Hs. &#8211; CAMPO TOTAL RADIODamian Hinding y un grupo de profesionales con toda la informaci\u00f3n&hellip;","og_url":"https:\/\/www.delexodo.com.ar\/?page_id=2832","og_site_name":"Del \u00c9xodo Nogoy\u00e1","article_modified_time":"2025-12-12T20:06:33+00:00","og_image":[{"width":899,"height":1599,"url":"https:\/\/www.delexodo.com.ar\/wp-content\/uploads\/2024\/10\/CAMPO-TOTAL.jpeg","type":"image\/jpeg"}],"twitter_card":"summary_large_image","twitter_misc":{"Tiempo de lectura":"4 minutos"},"schema":{"@context":"https:\/\/schema.org","@graph":[{"@type":"WebPage","@id":"https:\/\/www.delexodo.com.ar\/?page_id=2832","url":"https:\/\/www.delexodo.com.ar\/?page_id=2832","name":"PROGRAMACI\u00d3N 2025 - Del \u00c9xodo Nogoy\u00e1","isPartOf":{"@id":"https:\/\/www.delexodo.com.ar\/#website"},"primaryImageOfPage":{"@id":"https:\/\/www.delexodo.com.ar\/?page_id=2832#primaryimage"},"image":{"@id":"https:\/\/www.delexodo.com.ar\/?page_id=2832#primaryimage"},"thumbnailUrl":"https:\/\/www.delexodo.com.ar\/wp-content\/uploads\/2024\/10\/CAMPO-TOTAL-576x1024.jpeg","datePublished":"2019-05-15T23:56:57+00:00","dateModified":"2025-12-12T20:06:33+00:00","breadcrumb":{"@id":"https:\/\/www.delexodo.com.ar\/?page_id=2832#breadcrumb"},"inLanguage":"es","potentialAction":[{"@type":"ReadAction","target":["https:\/\/www.delexodo.com.ar\/?page_id=2832"]}]},{"@type":"ImageObject","inLanguage":"es","@id":"https:\/\/www.delexodo.com.ar\/?page_id=2832#primaryimage","url":"https:\/\/www.delexodo.com.ar\/wp-content\/uploads\/2024\/10\/CAMPO-TOTAL.jpeg","contentUrl":"https:\/\/www.delexodo.com.ar\/wp-content\/uploads\/2024\/10\/CAMPO-TOTAL.jpeg","width":899,"height":1599},{"@type":"BreadcrumbList","@id":"https:\/\/www.delexodo.com.ar\/?page_id=2832#breadcrumb","itemListElement":[{"@type":"ListItem","position":1,"name":"Portada","item":"https:\/\/www.delexodo.com.ar\/"},{"@type":"ListItem","position":2,"name":"PROGRAMACI\u00d3N 2025"}]},{"@type":"WebSite","@id":"https:\/\/www.delexodo.com.ar\/#website","url":"https:\/\/www.delexodo.com.ar\/","name":"Del \u00c9xodo Nogoy\u00e1","description":"El Portal de Noticias de la Regi\u00f3n","publisher":{"@id":"https:\/\/www.delexodo.com.ar\/#organization"},"potentialAction":[{"@type":"SearchAction","target":{"@type":"EntryPoint","urlTemplate":"https:\/\/www.delexodo.com.ar\/?s={search_term_string}"},"query-input":{"@type":"PropertyValueSpecification","valueRequired":true,"valueName":"search_term_string"}}],"inLanguage":"es"},{"@type":"Organization","@id":"https:\/\/www.delexodo.com.ar\/#organization","name":"Del \u00c9xodo Nogoy\u00e1","url":"https:\/\/www.delexodo.com.ar\/","logo":{"@type":"ImageObject","inLanguage":"es","@id":"https:\/\/www.delexodo.com.ar\/#\/schema\/logo\/image\/","url":"https:\/\/www.delexodo.com.ar\/wp-content\/uploads\/2024\/10\/cropped-cropped-LOGO24.png","contentUrl":"https:\/\/www.delexodo.com.ar\/wp-content\/uploads\/2024\/10\/cropped-cropped-LOGO24.png","width":512,"height":349,"caption":"Del \u00c9xodo Nogoy\u00e1"},"image":{"@id":"https:\/\/www.delexodo.com.ar\/#\/schema\/logo\/image\/"}}]}},"_links":{"self":[{"href":"https:\/\/www.delexodo.com.ar\/index.php?rest_route=\/wp\/v2\/pages\/2832","targetHints":{"allow":["GET"]}}],"collection":[{"href":"https:\/\/www.delexodo.com.ar\/index.php?rest_route=\/wp\/v2\/pages"}],"about":[{"href":"https:\/\/www.delexodo.com.ar\/index.php?rest_route=\/wp\/v2\/types\/page"}],"author":[{"embeddable":true,"href":"https:\/\/www.delexodo.com.ar\/index.php?rest_route=\/wp\/v2\/users\/1"}],"replies":[{"embeddable":true,"href":"https:\/\/www.delexodo.com.ar\/index.php?rest_route=%2Fwp%2Fv2%2Fcomments&post=2832"}],"version-history":[{"count":12,"href":"https:\/\/www.delexodo.com.ar\/index.php?rest_route=\/wp\/v2\/pages\/2832\/revisions"}],"predecessor-version":[{"id":12211,"href":"https:\/\/www.delexodo.com.ar\/index.php?rest_route=\/wp\/v2\/pages\/2832\/revisions\/12211"}],"wp:attachment":[{"href":"https:\/\/www.delexodo.com.ar\/index.php?rest_route=%2Fwp%2Fv2%2Fmedia&parent=2832"}],"curies":[{"name":"wp","href":"https:\/\/api.w.org\/{rel}","templated":true}]}}